{"id":25775,"date":"2017-11-12T13:56:02","date_gmt":"2017-11-12T12:56:02","guid":{"rendered":"https:\/\/www.etskula.com\/?page_id=25775"},"modified":"2025-09-10T22:27:23","modified_gmt":"2025-09-10T20:27:23","slug":"cimoldal","status":"publish","type":"page","link":"https:\/\/www.etskula.com\/hu\/","title":{"rendered":"C\u00edmoldal"},"content":{"rendered":"<p>El\u0151k\u00e9sz\u00fcletben!<\/p>\n","protected":false},"excerpt":{"rendered":"<p>El\u0151k\u00e9sz\u00fcletben!<\/p>\n","protected":false},"author":1984,"featured_media":0,"parent":0,"menu_order":0,"comment_status":"closed","ping_status":"closed","template":"","meta":{"footnotes":""},"class_list":["post-25775","page","type-page","status-publish","hentry"],"_links":{"self":[{"href":"https:\/\/www.etskula.com\/hu\/wp-json\/wp\/v2\/pages\/25775","targetHints":{"allow":["GET"]}}],"collection":[{"href":"https:\/\/www.etskula.com\/hu\/wp-json\/wp\/v2\/pages"}],"about":[{"href":"https:\/\/www.etskula.com\/hu\/wp-json\/wp\/v2\/types\/page"}],"author":[{"embeddable":true,"href":"https:\/\/www.etskula.com\/hu\/wp-json\/wp\/v2\/users\/1984"}],"replies":[{"embeddable":true,"href":"https:\/\/www.etskula.com\/hu\/wp-json\/wp\/v2\/comments?post=25775"}],"version-history":[{"count":1,"href":"https:\/\/www.etskula.com\/hu\/wp-json\/wp\/v2\/pages\/25775\/revisions"}],"predecessor-version":[{"id":25776,"href":"https:\/\/www.etskula.com\/hu\/wp-json\/wp\/v2\/pages\/25775\/revisions\/25776"}],"wp:attachment":[{"href":"https:\/\/www.etskula.com\/hu\/wp-json\/wp\/v2\/media?parent=25775"}],"curies":[{"name":"wp","href":"https:\/\/api.w.org\/{rel}","templated":true}]}}